{"id":18546,"date":"2023-03-15T10:19:15","date_gmt":"2023-03-15T10:19:15","guid":{"rendered":"http:\/\/www.monsteraestudi.com\/?page_id=18546"},"modified":"2023-03-15T10:24:34","modified_gmt":"2023-03-15T10:24:34","slug":"conoce-monstera","status":"publish","type":"page","link":"http:\/\/www.monsteraestudi.com\/ca\/conoce-monstera\/","title":{"rendered":"Conoce Monstera"},"content":{"rendered":"<div class=\"wpb-content-wrapper\"><div      class=\"vc_row wpb_row section vc_row-fluid\" style=' text-align:left;'><div class=\"full_section_inner clearfix\"><div class=\"wpb_column vc_column_container vc_col-sm-2\"><div class=\"vc_column-inner\"><div class=\"wpb_wrapper\"><\/div><\/div><\/div><div class=\"wpb_column vc_column_container vc_col-sm-8\"><div class=\"vc_column-inner\"><div class=\"wpb_wrapper\">\n\t<div class=\"wpb_single_image wpb_content_element vc_align_left\">\n\t\t<div class=\"wpb_wrapper\">\n\t\t\t\n\t\t\t<div class=\"vc_single_image-wrapper   vc_box_border_grey\"><\/div>\n\t\t<\/div>\n\t<\/div>\n<\/div><\/div><\/div><div class=\"wpb_column vc_column_container vc_col-sm-2\"><div class=\"vc_column-inner\"><div class=\"wpb_wrapper\"><\/div><\/div><\/div><\/div><\/div><div      class=\"vc_row wpb_row section vc_row-fluid\" style=' text-align:left;'><div class=\"full_section_inner clearfix\"><div class=\"wpb_column vc_column_container vc_col-sm-2\"><div class=\"vc_column-inner\"><div class=\"wpb_wrapper\"><\/div><\/div><\/div><div class=\"wpb_column vc_column_container vc_col-sm-8\"><div class=\"vc_column-inner\"><div class=\"wpb_wrapper\">\t<div class=\"vc_empty_space\"  style=\"height: 32px\" ><span\n\t\t\tclass=\"vc_empty_space_inner\">\n\t\t\t<span class=\"empty_space_image\"  ><\/span>\n\t\t<\/span><\/div>\n\n\n\t<div class=\"wpb_text_column wpb_content_element\">\n\t\t<div class=\"wpb_wrapper\">\n\t\t\t<p class=\"text-build-content\" style=\"text-align: center;\" data-testid=\"6a7kACcVhF5Of6GtN_-ux\"><strong><span style=\"font-size: 14pt; color: #ff5e5e;\">\u00a1Hola!<\/span><\/strong><\/p>\n<p class=\"text-build-content\" style=\"text-align: center;\" data-testid=\"6a7kACcVhF5Of6GtN_-ux\">Queremos presentarnos para que conozc\u00e1is <b>nuestro plat\u00f3 fotogr\u00e1fico<\/b><\/p>\n<p class=\"text-build-content\" style=\"text-align: center;\" data-testid=\"6a7kACcVhF5Of6GtN_-ux\"><span style=\"color: #ff5e5e;\"><b>&#8216;Monstera Estudi&#8217; <\/b><\/span>en plena Vila de Gr\u00e0cia.<\/p>\n<p class=\"text-build-content\" style=\"text-align: center;\" data-testid=\"6a7kACcVhF5Of6GtN_-ux\">Somos un espacio <b>perfecto<\/b> para <b>todo tipo de producciones audiovisuales<\/b>, con <b>precios econ\u00f3micos<\/b>, a pi\u00e9 de calle y c\u00f3modo para nuestros clientes.<\/p>\n\n\t\t<\/div> \n\t<\/div> \t<div class=\"vc_empty_space\"  style=\"height: 32px\" ><span\n\t\t\tclass=\"vc_empty_space_inner\">\n\t\t\t<span class=\"empty_space_image\"  ><\/span>\n\t\t<\/span><\/div>\n\n<\/div><\/div><\/div><div class=\"wpb_column vc_column_container vc_col-sm-2\"><div class=\"vc_column-inner\"><div class=\"wpb_wrapper\"><\/div><\/div><\/div><\/div><\/div><div      class=\"vc_row wpb_row section vc_row-fluid\" style=' text-align:left;'><div class=\"full_section_inner clearfix\"><div class=\"wpb_column vc_column_container vc_col-sm-2\"><div class=\"vc_column-inner\"><div class=\"wpb_wrapper\"><\/div><\/div><\/div><div class=\"wpb_column vc_column_container vc_col-sm-4\"><div class=\"vc_column-inner\"><div class=\"wpb_wrapper\">\n\t<div class=\"wpb_single_image wpb_content_element vc_align_left\">\n\t\t<div class=\"wpb_wrapper\">\n\t\t\t\n\t\t\t<div class=\"vc_single_image-wrapper   vc_box_border_grey\"><\/div>\n\t\t<\/div>\n\t<\/div>\n\t<div class=\"vc_empty_space\"  style=\"height: 10px\" ><span\n\t\t\tclass=\"vc_empty_space_inner\">\n\t\t\t<span class=\"empty_space_image\"  ><\/span>\n\t\t<\/span><\/div>\n\n\n\t<div class=\"wpb_text_column wpb_content_element\">\n\t\t<div class=\"wpb_wrapper\">\n\t\t\t<p><b>Consta de una superficie di\u00e1fana<\/b>, para poder adaptar el espacio a tus necesidades, <b>zona de makeup<\/b> y cambiador, con el <b>equipo flash incluido<\/b> en el precio de la tarifa.<\/p>\n\n\t\t<\/div> \n\t<\/div> <\/div><\/div><\/div><div class=\"wpb_column vc_column_container vc_col-sm-4\"><div class=\"vc_column-inner\"><div class=\"wpb_wrapper\">\n\t<div class=\"wpb_single_image wpb_content_element vc_align_left\">\n\t\t<div class=\"wpb_wrapper\">\n\t\t\t\n\t\t\t<div class=\"vc_single_image-wrapper   vc_box_border_grey\"><\/div>\n\t\t<\/div>\n\t<\/div>\n\t<div class=\"vc_empty_space\"  style=\"height: 10px\" ><span\n\t\t\tclass=\"vc_empty_space_inner\">\n\t\t\t<span class=\"empty_space_image\"  ><\/span>\n\t\t<\/span><\/div>\n\n\n\t<div class=\"wpb_text_column wpb_content_element\">\n\t\t<div class=\"wpb_wrapper\">\n\t\t\t<p>Nuestro objetivo es que te sientas <b>como en casa<\/b> mientras trabajas en nuestro plat\u00f3. Si en alguna producci\u00f3n necesit\u00e1is un plat\u00f3 en Barcelona, <b>no dud\u00e9is en contactarnos<\/b>.<\/p>\n\n\t\t<\/div> \n\t<\/div> <\/div><\/div><\/div><div class=\"wpb_column vc_column_container vc_col-sm-2\"><div class=\"vc_column-inner\"><div class=\"wpb_wrapper\"><\/div><\/div><\/div><\/div><\/div><div      class=\"vc_row wpb_row section vc_row-fluid\" style=' text-align:left;'><div class=\"full_section_inner clearfix\"><div class=\"wpb_column vc_column_container vc_col-sm-2\"><div class=\"vc_column-inner\"><div class=\"wpb_wrapper\"><\/div><\/div><\/div><div class=\"wpb_column vc_column_container vc_col-sm-4\"><div class=\"vc_column-inner\"><div class=\"wpb_wrapper\">\n\t<div class=\"wpb_raw_code wpb_raw_html wpb_content_element\" >\n\t\t<div class=\"wpb_wrapper\">\n\t\t\t<div style=\"text-align: center;\">\n  <a href=\"https:\/\/www.monsteraestudi.com\/ca\/\" target=\"_blank\">\n    <button style=\"background-color: #dd4040; color: white; border: none; padding: 10px 20px;\">Visita nuestra Web <\/button>\n  <\/a>\n<\/div>\n\n\t\t<\/div>\n\t<\/div>\n<\/div><\/div><\/div><div class=\"wpb_column vc_column_container vc_col-sm-4\"><div class=\"vc_column-inner\"><div class=\"wpb_wrapper\">\n\t<div class=\"wpb_raw_code wpb_raw_html wpb_content_element\" >\n\t\t<div class=\"wpb_wrapper\">\n\t\t\t<div style=\"text-align: center;\">\n  <a href=\"http:\/\/instagram.com\/monstera_platofotografic\/\" target=\"_blank\">\n    <button style=\"background-color: #dd4040; color: white; border: none; padding: 10px 20px;\">Visita nuestro Instagram<\/button>\n  <\/a>\n<\/div>\n\n\t\t<\/div>\n\t<\/div>\n<\/div><\/div><\/div><div class=\"wpb_column vc_column_container vc_col-sm-2\"><div class=\"vc_column-inner\"><div class=\"wpb_wrapper\"><\/div><\/div><\/div><\/div><\/div><div      class=\"vc_row wpb_row section vc_row-fluid\" style=' text-align:left;'><div class=\"full_section_inner clearfix\"><div class=\"wpb_column vc_column_container vc_col-sm-2\"><div class=\"vc_column-inner\"><div class=\"wpb_wrapper\"><\/div><\/div><\/div><div class=\"wpb_column vc_column_container vc_col-sm-8\"><div class=\"vc_column-inner\"><div class=\"wpb_wrapper\">\t<div class=\"vc_empty_space\"  style=\"height: 32px\" ><span\n\t\t\tclass=\"vc_empty_space_inner\">\n\t\t\t<span class=\"empty_space_image\"  ><\/span>\n\t\t<\/span><\/div>\n\n<\/div><\/div><\/div><div class=\"wpb_column vc_column_container vc_col-sm-2\"><div class=\"vc_column-inner\"><div class=\"wpb_wrapper\"><\/div><\/div><\/div><\/div><\/div><div      class=\"vc_row wpb_row section vc_row-fluid\" style=' text-align:left;'><div class=\"full_section_inner clearfix\"><div class=\"wpb_column vc_column_container vc_col-sm-2\"><div class=\"vc_column-inner\"><div class=\"wpb_wrapper\"><\/div><\/div><\/div><div class=\"wpb_column vc_column_container vc_col-sm-4\"><div class=\"vc_column-inner\"><div class=\"wpb_wrapper\">\n\t<div class=\"wpb_single_image wpb_content_element vc_align_left\">\n\t\t<div class=\"wpb_wrapper\">\n\t\t\t\n\t\t\t<div class=\"vc_single_image-wrapper   vc_box_border_grey\"><\/div>\n\t\t<\/div>\n\t<\/div>\n\t<div class=\"vc_empty_space\"  style=\"height: 10px\" ><span\n\t\t\tclass=\"vc_empty_space_inner\">\n\t\t\t<span class=\"empty_space_image\"  ><\/span>\n\t\t<\/span><\/div>\n\n\n\t<div class=\"wpb_text_column wpb_content_element\">\n\t\t<div class=\"wpb_wrapper\">\n\t\t\t<p>Un lugar perfecto para <b>castings, producciones publicitarias, spots, sesiones fotogr\u00e1ficas<\/b> y mucho m\u00e1s.<\/p>\n\n\t\t<\/div> \n\t<\/div> <\/div><\/div><\/div><div class=\"wpb_column vc_column_container vc_col-sm-4\"><div class=\"vc_column-inner\"><div class=\"wpb_wrapper\">\n\t<div class=\"wpb_single_image wpb_content_element vc_align_left\">\n\t\t<div class=\"wpb_wrapper\">\n\t\t\t\n\t\t\t<div class=\"vc_single_image-wrapper   vc_box_border_grey\"><\/div>\n\t\t<\/div>\n\t<\/div>\n\t<div class=\"vc_empty_space\"  style=\"height: 10px\" ><span\n\t\t\tclass=\"vc_empty_space_inner\">\n\t\t\t<span class=\"empty_space_image\"  ><\/span>\n\t\t<\/span><\/div>\n\n\n\t<div class=\"wpb_text_column wpb_content_element\">\n\t\t<div class=\"wpb_wrapper\">\n\t\t\t<p>Estaremos <b>encatados de trabajar con vosotrxs<\/b> y ayudaros a alcanzar vuestros objetivos de producci\u00f3n.<\/p>\n\n\t\t<\/div> \n\t<\/div> <\/div><\/div><\/div><div class=\"wpb_column vc_column_container vc_col-sm-2\"><div class=\"vc_column-inner\"><div class=\"wpb_wrapper\"><\/div><\/div><\/div><\/div><\/div><div      class=\"vc_row wpb_row section vc_row-fluid\" style=' text-align:left;'><div class=\"full_section_inner clearfix\"><div class=\"wpb_column vc_column_container vc_col-sm-2\"><div class=\"vc_column-inner\"><div class=\"wpb_wrapper\"><\/div><\/div><\/div><div class=\"wpb_column vc_column_container vc_col-sm-8\"><div class=\"vc_column-inner\"><div class=\"wpb_wrapper\">\t<div class=\"vc_empty_space\"  style=\"height: 32px\" ><span\n\t\t\tclass=\"vc_empty_space_inner\">\n\t\t\t<span class=\"empty_space_image\"  ><\/span>\n\t\t<\/span><\/div>\n\n<\/div><\/div><\/div><div class=\"wpb_column vc_column_container vc_col-sm-2\"><div class=\"vc_column-inner\"><div class=\"wpb_wrapper\"><\/div><\/div><\/div><\/div><\/div><div      class=\"vc_row wpb_row section vc_row-fluid\" style=' text-align:left;'><div class=\"full_section_inner clearfix\"><div class=\"wpb_column vc_column_container vc_col-sm-3\"><div class=\"vc_column-inner\"><div class=\"wpb_wrapper\"><\/div><\/div><\/div><div class=\"wpb_column vc_column_container vc_col-sm-6\"><div class=\"vc_column-inner\"><div class=\"wpb_wrapper\">\n\t<div class=\"wpb_raw_code wpb_raw_html wpb_content_element\" >\n\t\t<div class=\"wpb_wrapper\">\n\t\t\t<div style=\"text-align: center;\">\n  <a href=\"http:\/\/www.monsteraestudi.com\/ca\/contact\/\" target=\"_blank\">\n    <button style=\"background-color: #dd4040; color: white; border: none; padding: 10px 20px;\">Contacta con nosotros<\/button>\n  <\/a>\n<\/div>\n\n\t\t<\/div>\n\t<\/div>\n<\/div><\/div><\/div><div class=\"wpb_column vc_column_container vc_col-sm-3\"><div class=\"vc_column-inner\"><div class=\"wpb_wrapper\"><\/div><\/div><\/div><\/div><\/div><div      class=\"vc_row wpb_row section vc_row-fluid\" style=' text-align:left;'><div class=\"full_section_inner clearfix\"><div class=\"wpb_column vc_column_container vc_col-sm-2\"><div class=\"vc_column-inner\"><div class=\"wpb_wrapper\"><\/div><\/div><\/div><div class=\"wpb_column vc_column_container vc_col-sm-8\"><div class=\"vc_column-inner\"><div class=\"wpb_wrapper\">\t<div class=\"vc_empty_space\"  style=\"height: 32px\" ><span\n\t\t\tclass=\"vc_empty_space_inner\">\n\t\t\t<span class=\"empty_space_image\"  ><\/span>\n\t\t<\/span><\/div>\n\n<\/div><\/div><\/div><div class=\"wpb_column vc_column_container vc_col-sm-2\"><div class=\"vc_column-inner\"><div class=\"wpb_wrapper\"><\/div><\/div><\/div><\/div><\/div><div      class=\"vc_row wpb_row section vc_row-fluid\" style=' text-align:left;'><div class=\"full_section_inner clearfix\"><div class=\"wpb_column vc_column_container vc_col-sm-2\"><div class=\"vc_column-inner\"><div class=\"wpb_wrapper\"><\/div><\/div><\/div><div class=\"wpb_column vc_column_container vc_col-sm-8\"><div class=\"vc_column-inner\"><div class=\"wpb_wrapper\">\n\t<div class=\"wpb_single_image wpb_content_element vc_align_left\">\n\t\t<div class=\"wpb_wrapper\">\n\t\t\t\n\t\t\t<div class=\"vc_single_image-wrapper   vc_box_border_grey\"><\/div>\n\t\t<\/div>\n\t<\/div>\n<\/div><\/div><\/div><div class=\"wpb_column vc_column_container vc_col-sm-2\"><div class=\"vc_column-inner\"><div class=\"wpb_wrapper\"><\/div><\/div><\/div><\/div><\/div>\n<\/div>","protected":false},"excerpt":{"rendered":"\u00a1Hola! Queremos presentarnos para que conozc\u00e1is nuestro plat\u00f3 fotogr\u00e1fico 'Monstera Estudi' en plena Vila de Gr\u00e0cia. Somos un espacio perfecto para todo tipo de producciones audiovisuales, con precios econ\u00f3micos, a pi\u00e9 de calle y c\u00f3modo para nuestros clientes. Consta de una superficie di\u00e1fana, para poder...","protected":false},"author":1,"featured_media":0,"parent":0,"menu_order":0,"comment_status":"closed","ping_status":"open","template":"","meta":{"_joinchat":[],"footnotes":""},"class_list":["post-18546","page","type-page","status-publish","hentry"],"yoast_head":"<!-- This site is optimized with the Yoast SEO plugin v27.6 - https:\/\/yoast.com\/product\/yoast-seo-wordpress\/ -->\n<title>Conoce Monstera &#8226; Monstera | Estudi &amp; Plat\u00f3 fotogr\u00e0fic<\/title>\n<meta name=\"description\" content=\"Estudio fotogr\u00e1fico con plat\u00f3 de alquiler por horas en Barcelona\" \/>\n<meta name=\"robots\" content=\"index, follow, max-snippet:-1, max-image-preview:large, max-video-preview:-1\" \/>\n<link rel=\"canonical\" href=\"http:\/\/www.monsteraestudi.com\/ca\/conoce-monstera\/\" \/>\n<meta property=\"og:locale\" content=\"ca_ES\" \/>\n<meta property=\"og:type\" content=\"article\" \/>\n<meta property=\"og:title\" content=\"Conoce Monstera &#8226; Monstera | Estudi &amp; Plat\u00f3 fotogr\u00e0fic\" \/>\n<meta property=\"og:description\" content=\"Estudio fotogr\u00e1fico con plat\u00f3 de alquiler por horas en Barcelona\" \/>\n<meta property=\"og:url\" content=\"http:\/\/www.monsteraestudi.com\/ca\/conoce-monstera\/\" \/>\n<meta property=\"og:site_name\" content=\"Monstera | Estudi &amp; Plat\u00f3 fotogr\u00e0fic\" \/>\n<meta property=\"article:modified_time\" content=\"2023-03-15T10:24:34+00:00\" \/>\n<meta name=\"twitter:card\" content=\"summary_large_image\" \/>\n<meta name=\"twitter:label1\" content=\"Temps estimat de lectura\" \/>\n\t<meta name=\"twitter:data1\" content=\"2 minuts\" \/>\n<script type=\"application\/ld+json\" class=\"yoast-schema-graph\">{\"@context\":\"https:\\\/\\\/schema.org\",\"@graph\":[{\"@type\":\"WebPage\",\"@id\":\"http:\\\/\\\/www.monsteraestudi.com\\\/conoce-monstera\\\/\",\"url\":\"http:\\\/\\\/www.monsteraestudi.com\\\/conoce-monstera\\\/\",\"name\":\"Conoce Monstera &#8226; Monstera | Estudi &amp; Plat\u00f3 fotogr\u00e0fic\",\"isPartOf\":{\"@id\":\"http:\\\/\\\/www.monsteraestudi.com\\\/#website\"},\"datePublished\":\"2023-03-15T10:19:15+00:00\",\"dateModified\":\"2023-03-15T10:24:34+00:00\",\"description\":\"Estudio fotogr\u00e1fico con plat\u00f3 de alquiler por horas en Barcelona\",\"breadcrumb\":{\"@id\":\"http:\\\/\\\/www.monsteraestudi.com\\\/conoce-monstera\\\/#breadcrumb\"},\"inLanguage\":\"ca\",\"potentialAction\":[{\"@type\":\"ReadAction\",\"target\":[\"http:\\\/\\\/www.monsteraestudi.com\\\/conoce-monstera\\\/\"]}]},{\"@type\":\"BreadcrumbList\",\"@id\":\"http:\\\/\\\/www.monsteraestudi.com\\\/conoce-monstera\\\/#breadcrumb\",\"itemListElement\":[{\"@type\":\"ListItem\",\"position\":1,\"name\":\"Portada\",\"item\":\"http:\\\/\\\/www.monsteraestudi.com\\\/\"},{\"@type\":\"ListItem\",\"position\":2,\"name\":\"Conoce Monstera\"}]},{\"@type\":\"WebSite\",\"@id\":\"http:\\\/\\\/www.monsteraestudi.com\\\/#website\",\"url\":\"http:\\\/\\\/www.monsteraestudi.com\\\/\",\"name\":\"Monstera Estudi | Plat\u00f3 fotogr\u00e0fic\",\"description\":\"Plat\u00f3 fotogr\u00e1fico de alquiler y Estudio\",\"publisher\":{\"@id\":\"http:\\\/\\\/www.monsteraestudi.com\\\/#organization\"},\"potentialAction\":[{\"@type\":\"SearchAction\",\"target\":{\"@type\":\"EntryPoint\",\"urlTemplate\":\"http:\\\/\\\/www.monsteraestudi.com\\\/?s={search_term_string}\"},\"query-input\":{\"@type\":\"PropertyValueSpecification\",\"valueRequired\":true,\"valueName\":\"search_term_string\"}}],\"inLanguage\":\"ca\"},{\"@type\":\"Organization\",\"@id\":\"http:\\\/\\\/www.monsteraestudi.com\\\/#organization\",\"name\":\"Monstera Estudi\",\"url\":\"http:\\\/\\\/www.monsteraestudi.com\\\/\",\"logo\":{\"@type\":\"ImageObject\",\"inLanguage\":\"ca\",\"@id\":\"http:\\\/\\\/www.monsteraestudi.com\\\/#\\\/schema\\\/logo\\\/image\\\/\",\"url\":\"https:\\\/\\\/i0.wp.com\\\/www.monsteraestudi.com\\\/wp-content\\\/uploads\\\/2020\\\/03\\\/Logo-Monsteraphone.png?fit=481%2C112\",\"contentUrl\":\"https:\\\/\\\/i0.wp.com\\\/www.monsteraestudi.com\\\/wp-content\\\/uploads\\\/2020\\\/03\\\/Logo-Monsteraphone.png?fit=481%2C112\",\"width\":481,\"height\":112,\"caption\":\"Monstera Estudi\"},\"image\":{\"@id\":\"http:\\\/\\\/www.monsteraestudi.com\\\/#\\\/schema\\\/logo\\\/image\\\/\"},\"sameAs\":[\"https:\\\/\\\/www.instagram.com\\\/monstera_platofotografic\"]}]}<\/script>\n<!-- \/ Yoast SEO plugin. -->","yoast_head_json":{"title":"Conoce Monstera &#8226; Monstera | Estudi &amp; Plat\u00f3 fotogr\u00e0fic","description":"Estudio fotogr\u00e1fico con plat\u00f3 de alquiler por horas en Barcelona","robots":{"index":"index","follow":"follow","max-snippet":"max-snippet:-1","max-image-preview":"max-image-preview:large","max-video-preview":"max-video-preview:-1"},"canonical":"http:\/\/www.monsteraestudi.com\/ca\/conoce-monstera\/","og_locale":"ca_ES","og_type":"article","og_title":"Conoce Monstera &#8226; Monstera | Estudi &amp; Plat\u00f3 fotogr\u00e0fic","og_description":"Estudio fotogr\u00e1fico con plat\u00f3 de alquiler por horas en Barcelona","og_url":"http:\/\/www.monsteraestudi.com\/ca\/conoce-monstera\/","og_site_name":"Monstera | Estudi &amp; Plat\u00f3 fotogr\u00e0fic","article_modified_time":"2023-03-15T10:24:34+00:00","twitter_card":"summary_large_image","twitter_misc":{"Temps estimat de lectura":"2 minuts"},"schema":{"@context":"https:\/\/schema.org","@graph":[{"@type":"WebPage","@id":"http:\/\/www.monsteraestudi.com\/conoce-monstera\/","url":"http:\/\/www.monsteraestudi.com\/conoce-monstera\/","name":"Conoce Monstera &#8226; Monstera | Estudi &amp; Plat\u00f3 fotogr\u00e0fic","isPartOf":{"@id":"http:\/\/www.monsteraestudi.com\/#website"},"datePublished":"2023-03-15T10:19:15+00:00","dateModified":"2023-03-15T10:24:34+00:00","description":"Estudio fotogr\u00e1fico con plat\u00f3 de alquiler por horas en Barcelona","breadcrumb":{"@id":"http:\/\/www.monsteraestudi.com\/conoce-monstera\/#breadcrumb"},"inLanguage":"ca","potentialAction":[{"@type":"ReadAction","target":["http:\/\/www.monsteraestudi.com\/conoce-monstera\/"]}]},{"@type":"BreadcrumbList","@id":"http:\/\/www.monsteraestudi.com\/conoce-monstera\/#breadcrumb","itemListElement":[{"@type":"ListItem","position":1,"name":"Portada","item":"http:\/\/www.monsteraestudi.com\/"},{"@type":"ListItem","position":2,"name":"Conoce Monstera"}]},{"@type":"WebSite","@id":"http:\/\/www.monsteraestudi.com\/#website","url":"http:\/\/www.monsteraestudi.com\/","name":"Monstera Estudi | Plat\u00f3 fotogr\u00e0fic","description":"Plat\u00f3 fotogr\u00e1fico de alquiler y Estudio","publisher":{"@id":"http:\/\/www.monsteraestudi.com\/#organization"},"potentialAction":[{"@type":"SearchAction","target":{"@type":"EntryPoint","urlTemplate":"http:\/\/www.monsteraestudi.com\/?s={search_term_string}"},"query-input":{"@type":"PropertyValueSpecification","valueRequired":true,"valueName":"search_term_string"}}],"inLanguage":"ca"},{"@type":"Organization","@id":"http:\/\/www.monsteraestudi.com\/#organization","name":"Monstera Estudi","url":"http:\/\/www.monsteraestudi.com\/","logo":{"@type":"ImageObject","inLanguage":"ca","@id":"http:\/\/www.monsteraestudi.com\/#\/schema\/logo\/image\/","url":"https:\/\/i0.wp.com\/www.monsteraestudi.com\/wp-content\/uploads\/2020\/03\/Logo-Monsteraphone.png?fit=481%2C112","contentUrl":"https:\/\/i0.wp.com\/www.monsteraestudi.com\/wp-content\/uploads\/2020\/03\/Logo-Monsteraphone.png?fit=481%2C112","width":481,"height":112,"caption":"Monstera Estudi"},"image":{"@id":"http:\/\/www.monsteraestudi.com\/#\/schema\/logo\/image\/"},"sameAs":["https:\/\/www.instagram.com\/monstera_platofotografic"]}]}},"_links":{"self":[{"href":"http:\/\/www.monsteraestudi.com\/ca\/wp-json\/wp\/v2\/pages\/18546","targetHints":{"allow":["GET"]}}],"collection":[{"href":"http:\/\/www.monsteraestudi.com\/ca\/wp-json\/wp\/v2\/pages"}],"about":[{"href":"http:\/\/www.monsteraestudi.com\/ca\/wp-json\/wp\/v2\/types\/page"}],"author":[{"embeddable":true,"href":"http:\/\/www.monsteraestudi.com\/ca\/wp-json\/wp\/v2\/users\/1"}],"replies":[{"embeddable":true,"href":"http:\/\/www.monsteraestudi.com\/ca\/wp-json\/wp\/v2\/comments?post=18546"}],"version-history":[{"count":21,"href":"http:\/\/www.monsteraestudi.com\/ca\/wp-json\/wp\/v2\/pages\/18546\/revisions"}],"predecessor-version":[{"id":18568,"href":"http:\/\/www.monsteraestudi.com\/ca\/wp-json\/wp\/v2\/pages\/18546\/revisions\/18568"}],"wp:attachment":[{"href":"http:\/\/www.monsteraestudi.com\/ca\/wp-json\/wp\/v2\/media?parent=18546"}],"curies":[{"name":"wp","href":"https:\/\/api.w.org\/{rel}","templated":true}]}}